{"id":2199,"date":"2017-03-01T15:39:50","date_gmt":"2017-03-01T14:39:50","guid":{"rendered":"http:\/\/www.ldsa-france.com\/service-electricite-ldsa\/"},"modified":"2019-07-25T18:16:02","modified_gmt":"2019-07-25T16:16:02","slug":"ldsa-elektroabteilung","status":"publish","type":"page","link":"https:\/\/www.ldsa-france.com\/de\/ldsa-elektroabteilung\/","title":{"rendered":"LDSA-ELEKTROABTEILUNG"},"content":{"rendered":"<h6 style=\"text-align: center;\"><img loading=\"lazy\" decoding=\"async\" class=\"alignnone size-large wp-image-574\" src=\"http:\/\/www.ldsa-france.com\/wp-content\/uploads\/2017\/03\/LDSA-entreprise-picto-service-electricite.jpg\" alt=\"\" width=\"80\" height=\"80\" \/><\/h6>\n<h6 style=\"text-align: center;\">Technisches Fachwissen<\/h6>\n<h3 style=\"text-align: center;\">LDSA-ELEKTROABTEILUNG ZU IHREN DIENSTEN<\/h3>\n<p style=\"text-align: center;\"><img loading=\"lazy\" decoding=\"async\" class=\"alignnone size-full wp-image-107\" src=\"http:\/\/www.ldsa-france.com\/wp-content\/uploads\/2017\/03\/LDSA-Icones-vague.png\" alt=\"\" width=\"79\" height=\"19\" \/><\/p>\n","protected":false},"excerpt":{"rendered":"<p>Technisches Fachwissen LDSA-ELEKTROABTEILUNG ZU IHREN DIENSTEN<\/p>\n","protected":false},"author":1,"featured_media":0,"parent":0,"menu_order":0,"comment_status":"closed","ping_status":"closed","template":"electricite.php","meta":{"_acf_changed":false,"footnotes":""},"class_list":["post-2199","page","type-page","status-publish","hentry"],"acf":[],"yoast_head":"<!-- This site is optimized with the Yoast SEO plugin v24.9 - https:\/\/yoast.com\/wordpress\/plugins\/seo\/ -->\n<title>LDSA-ELEKTROABTEILUNG une \u00e9quipe op\u00e9rationnelle reconnue<\/title>\n<meta name=\"description\" content=\"Der LDSA-Elektrizit\u00e4tsdienst bearbeitet jede Ihrer Anforderungen und liefert ein klares und pr\u00e4zises technisches und finanzielles Projekt. Entdecken Sie unser Know-how\" \/>\n<meta name=\"robots\" content=\"index, follow, max-snippet:-1, max-image-preview:large, max-video-preview:-1\" \/>\n<link rel=\"canonical\" href=\"https:\/\/www.ldsa-france.com\/de\/ldsa-elektroabteilung\/\" \/>\n<meta property=\"og:locale\" content=\"de_DE\" \/>\n<meta property=\"og:type\" content=\"article\" \/>\n<meta property=\"og:title\" content=\"LDSA-ELEKTROABTEILUNG une \u00e9quipe op\u00e9rationnelle reconnue\" \/>\n<meta property=\"og:description\" content=\"Der LDSA-Elektrizit\u00e4tsdienst bearbeitet jede Ihrer Anforderungen und liefert ein klares und pr\u00e4zises technisches und finanzielles Projekt. Entdecken Sie unser Know-how\" \/>\n<meta property=\"og:url\" content=\"https:\/\/www.ldsa-france.com\/de\/ldsa-elektroabteilung\/\" \/>\n<meta property=\"og:site_name\" content=\"LDSA - D\u00e9coupe jet d&#039;eau haute pression\" \/>\n<meta property=\"article:modified_time\" content=\"2019-07-25T16:16:02+00:00\" \/>\n<meta property=\"og:image\" content=\"http:\/\/www.ldsa-france.com\/wp-content\/uploads\/2017\/03\/LDSA-entreprise-picto-service-electricite.jpg\" \/>\n<meta name=\"twitter:card\" content=\"summary_large_image\" \/>\n<script type=\"application\/ld+json\" class=\"yoast-schema-graph\">{\"@context\":\"https:\/\/schema.org\",\"@graph\":[{\"@type\":\"WebPage\",\"@id\":\"https:\/\/www.ldsa-france.com\/de\/ldsa-elektroabteilung\/\",\"url\":\"https:\/\/www.ldsa-france.com\/de\/ldsa-elektroabteilung\/\",\"name\":\"LDSA-ELEKTROABTEILUNG une \u00e9quipe op\u00e9rationnelle reconnue\",\"isPartOf\":{\"@id\":\"https:\/\/www.ldsa-france.com\/#website\"},\"primaryImageOfPage\":{\"@id\":\"https:\/\/www.ldsa-france.com\/de\/ldsa-elektroabteilung\/#primaryimage\"},\"image\":{\"@id\":\"https:\/\/www.ldsa-france.com\/de\/ldsa-elektroabteilung\/#primaryimage\"},\"thumbnailUrl\":\"http:\/\/www.ldsa-france.com\/wp-content\/uploads\/2017\/03\/LDSA-entreprise-picto-service-electricite.jpg\",\"datePublished\":\"2017-03-01T14:39:50+00:00\",\"dateModified\":\"2019-07-25T16:16:02+00:00\",\"description\":\"Der LDSA-Elektrizit\u00e4tsdienst bearbeitet jede Ihrer Anforderungen und liefert ein klares und pr\u00e4zises technisches und finanzielles Projekt. Entdecken Sie unser Know-how\",\"breadcrumb\":{\"@id\":\"https:\/\/www.ldsa-france.com\/de\/ldsa-elektroabteilung\/#breadcrumb\"},\"inLanguage\":\"de\",\"potentialAction\":[{\"@type\":\"ReadAction\",\"target\":[\"https:\/\/www.ldsa-france.com\/de\/ldsa-elektroabteilung\/\"]}]},{\"@type\":\"ImageObject\",\"inLanguage\":\"de\",\"@id\":\"https:\/\/www.ldsa-france.com\/de\/ldsa-elektroabteilung\/#primaryimage\",\"url\":\"http:\/\/www.ldsa-france.com\/wp-content\/uploads\/2017\/03\/LDSA-entreprise-picto-service-electricite.jpg\",\"contentUrl\":\"http:\/\/www.ldsa-france.com\/wp-content\/uploads\/2017\/03\/LDSA-entreprise-picto-service-electricite.jpg\"},{\"@type\":\"BreadcrumbList\",\"@id\":\"https:\/\/www.ldsa-france.com\/de\/ldsa-elektroabteilung\/#breadcrumb\",\"itemListElement\":[{\"@type\":\"ListItem\",\"position\":1,\"name\":\"Accueil\",\"item\":\"https:\/\/www.ldsa-france.com\/de\/\"},{\"@type\":\"ListItem\",\"position\":2,\"name\":\"LDSA-ELEKTROABTEILUNG\"}]},{\"@type\":\"WebSite\",\"@id\":\"https:\/\/www.ldsa-france.com\/#website\",\"url\":\"https:\/\/www.ldsa-france.com\/\",\"name\":\"LDSA - D\u00e9coupe jet d&#039;eau haute pression\",\"description\":\"Fabricant de machines de d\u00e9coupe jet d&#039;eau\",\"publisher\":{\"@id\":\"https:\/\/www.ldsa-france.com\/#organization\"},\"potentialAction\":[{\"@type\":\"SearchAction\",\"target\":{\"@type\":\"EntryPoint\",\"urlTemplate\":\"https:\/\/www.ldsa-france.com\/?s={search_term_string}\"},\"query-input\":{\"@type\":\"PropertyValueSpecification\",\"valueRequired\":true,\"valueName\":\"search_term_string\"}}],\"inLanguage\":\"de\"},{\"@type\":\"Organization\",\"@id\":\"https:\/\/www.ldsa-france.com\/#organization\",\"name\":\"LDSA France\",\"url\":\"https:\/\/www.ldsa-france.com\/\",\"logo\":{\"@type\":\"ImageObject\",\"inLanguage\":\"de\",\"@id\":\"https:\/\/www.ldsa-france.com\/#\/schema\/logo\/image\/\",\"url\":\"https:\/\/www.ldsa-france.com\/wp-content\/uploads\/2017\/03\/cropped-LDSA-uncategorized-favicon.png\",\"contentUrl\":\"https:\/\/www.ldsa-france.com\/wp-content\/uploads\/2017\/03\/cropped-LDSA-uncategorized-favicon.png\",\"width\":512,\"height\":512,\"caption\":\"LDSA France\"},\"image\":{\"@id\":\"https:\/\/www.ldsa-france.com\/#\/schema\/logo\/image\/\"}}]}<\/script>\n<!-- \/ Yoast SEO plugin. -->","yoast_head_json":{"title":"LDSA-ELEKTROABTEILUNG une \u00e9quipe op\u00e9rationnelle reconnue","description":"Der LDSA-Elektrizit\u00e4tsdienst bearbeitet jede Ihrer Anforderungen und liefert ein klares und pr\u00e4zises technisches und finanzielles Projekt. Entdecken Sie unser Know-how","robots":{"index":"index","follow":"follow","max-snippet":"max-snippet:-1","max-image-preview":"max-image-preview:large","max-video-preview":"max-video-preview:-1"},"canonical":"https:\/\/www.ldsa-france.com\/de\/ldsa-elektroabteilung\/","og_locale":"de_DE","og_type":"article","og_title":"LDSA-ELEKTROABTEILUNG une \u00e9quipe op\u00e9rationnelle reconnue","og_description":"Der LDSA-Elektrizit\u00e4tsdienst bearbeitet jede Ihrer Anforderungen und liefert ein klares und pr\u00e4zises technisches und finanzielles Projekt. Entdecken Sie unser Know-how","og_url":"https:\/\/www.ldsa-france.com\/de\/ldsa-elektroabteilung\/","og_site_name":"LDSA - D\u00e9coupe jet d&#039;eau haute pression","article_modified_time":"2019-07-25T16:16:02+00:00","og_image":[{"url":"http:\/\/www.ldsa-france.com\/wp-content\/uploads\/2017\/03\/LDSA-entreprise-picto-service-electricite.jpg","type":"","width":"","height":""}],"twitter_card":"summary_large_image","schema":{"@context":"https:\/\/schema.org","@graph":[{"@type":"WebPage","@id":"https:\/\/www.ldsa-france.com\/de\/ldsa-elektroabteilung\/","url":"https:\/\/www.ldsa-france.com\/de\/ldsa-elektroabteilung\/","name":"LDSA-ELEKTROABTEILUNG une \u00e9quipe op\u00e9rationnelle reconnue","isPartOf":{"@id":"https:\/\/www.ldsa-france.com\/#website"},"primaryImageOfPage":{"@id":"https:\/\/www.ldsa-france.com\/de\/ldsa-elektroabteilung\/#primaryimage"},"image":{"@id":"https:\/\/www.ldsa-france.com\/de\/ldsa-elektroabteilung\/#primaryimage"},"thumbnailUrl":"http:\/\/www.ldsa-france.com\/wp-content\/uploads\/2017\/03\/LDSA-entreprise-picto-service-electricite.jpg","datePublished":"2017-03-01T14:39:50+00:00","dateModified":"2019-07-25T16:16:02+00:00","description":"Der LDSA-Elektrizit\u00e4tsdienst bearbeitet jede Ihrer Anforderungen und liefert ein klares und pr\u00e4zises technisches und finanzielles Projekt. Entdecken Sie unser Know-how","breadcrumb":{"@id":"https:\/\/www.ldsa-france.com\/de\/ldsa-elektroabteilung\/#breadcrumb"},"inLanguage":"de","potentialAction":[{"@type":"ReadAction","target":["https:\/\/www.ldsa-france.com\/de\/ldsa-elektroabteilung\/"]}]},{"@type":"ImageObject","inLanguage":"de","@id":"https:\/\/www.ldsa-france.com\/de\/ldsa-elektroabteilung\/#primaryimage","url":"http:\/\/www.ldsa-france.com\/wp-content\/uploads\/2017\/03\/LDSA-entreprise-picto-service-electricite.jpg","contentUrl":"http:\/\/www.ldsa-france.com\/wp-content\/uploads\/2017\/03\/LDSA-entreprise-picto-service-electricite.jpg"},{"@type":"BreadcrumbList","@id":"https:\/\/www.ldsa-france.com\/de\/ldsa-elektroabteilung\/#breadcrumb","itemListElement":[{"@type":"ListItem","position":1,"name":"Accueil","item":"https:\/\/www.ldsa-france.com\/de\/"},{"@type":"ListItem","position":2,"name":"LDSA-ELEKTROABTEILUNG"}]},{"@type":"WebSite","@id":"https:\/\/www.ldsa-france.com\/#website","url":"https:\/\/www.ldsa-france.com\/","name":"LDSA - D\u00e9coupe jet d&#039;eau haute pression","description":"Fabricant de machines de d\u00e9coupe jet d&#039;eau","publisher":{"@id":"https:\/\/www.ldsa-france.com\/#organization"},"potentialAction":[{"@type":"SearchAction","target":{"@type":"EntryPoint","urlTemplate":"https:\/\/www.ldsa-france.com\/?s={search_term_string}"},"query-input":{"@type":"PropertyValueSpecification","valueRequired":true,"valueName":"search_term_string"}}],"inLanguage":"de"},{"@type":"Organization","@id":"https:\/\/www.ldsa-france.com\/#organization","name":"LDSA France","url":"https:\/\/www.ldsa-france.com\/","logo":{"@type":"ImageObject","inLanguage":"de","@id":"https:\/\/www.ldsa-france.com\/#\/schema\/logo\/image\/","url":"https:\/\/www.ldsa-france.com\/wp-content\/uploads\/2017\/03\/cropped-LDSA-uncategorized-favicon.png","contentUrl":"https:\/\/www.ldsa-france.com\/wp-content\/uploads\/2017\/03\/cropped-LDSA-uncategorized-favicon.png","width":512,"height":512,"caption":"LDSA France"},"image":{"@id":"https:\/\/www.ldsa-france.com\/#\/schema\/logo\/image\/"}}]}},"_links":{"self":[{"href":"https:\/\/www.ldsa-france.com\/de\/wp-json\/wp\/v2\/pages\/2199","targetHints":{"allow":["GET"]}}],"collection":[{"href":"https:\/\/www.ldsa-france.com\/de\/wp-json\/wp\/v2\/pages"}],"about":[{"href":"https:\/\/www.ldsa-france.com\/de\/wp-json\/wp\/v2\/types\/page"}],"author":[{"embeddable":true,"href":"https:\/\/www.ldsa-france.com\/de\/wp-json\/wp\/v2\/users\/1"}],"replies":[{"embeddable":true,"href":"https:\/\/www.ldsa-france.com\/de\/wp-json\/wp\/v2\/comments?post=2199"}],"version-history":[{"count":4,"href":"https:\/\/www.ldsa-france.com\/de\/wp-json\/wp\/v2\/pages\/2199\/revisions"}],"predecessor-version":[{"id":2217,"href":"https:\/\/www.ldsa-france.com\/de\/wp-json\/wp\/v2\/pages\/2199\/revisions\/2217"}],"wp:attachment":[{"href":"https:\/\/www.ldsa-france.com\/de\/wp-json\/wp\/v2\/media?parent=2199"}],"curies":[{"name":"wp","href":"https:\/\/api.w.org\/{rel}","templated":true}]}}